{"id":31,"date":"2022-02-19T20:47:24","date_gmt":"2022-02-19T23:47:24","guid":{"rendered":"http:\/\/inutilaboratorio.org\/?page_id=31"},"modified":"2023-05-17T13:17:01","modified_gmt":"2023-05-17T16:17:01","slug":"ia","status":"publish","type":"page","link":"https:\/\/inutilaboratorio.org\/index.php\/ia\/","title":{"rendered":"I.A."},"content":{"rendered":"\t\t<div data-elementor-type=\"wp-page\" data-elementor-id=\"31\" class=\"elementor elementor-31\">\n\t\t\t\t\t\t<section class=\"elementor-section elementor-top-section elementor-element elementor-element-53309f6f elementor-section-boxed elementor-section-height-default elementor-section-height-default\" data-id=\"53309f6f\" data-element_type=\"section\">\n\t\t\t\t\t\t<div class=\"elementor-container elementor-column-gap-default\">\n\t\t\t\t\t<div class=\"elementor-column elementor-col-100 elementor-top-column elementor-element elementor-element-6115d0e1\" data-id=\"6115d0e1\" data-element_type=\"column\">\n\t\t\t<div class=\"elementor-widget-wrap elementor-element-populated\">\n\t\t\t\t\t\t<div class=\"elementor-element elementor-element-531998a7 elementor-widget elementor-widget-text-editor\" data-id=\"531998a7\" data-element_type=\"widget\" data-widget_type=\"text-editor.default\">\n\t\t\t\t<div class=\"elementor-widget-container\">\n\t\t\t\t\t\t\t\t\t\n<p>Chat GPT, Algoritmo, comunicaci\u00f3n digital. Esta performance es el desarrollo del di\u00e1logo entre un actor, m\u00fasico, audiovisualista con la inteligencia artificial. En b\u00fasqueda de colaborador y fondos para una primera etapa de investigaci\u00f3n en residencia.<\/p>\n\t\t\t\t\t\t\t\t<\/div>\n\t\t\t\t<\/div>\n\t\t\t\t\t<\/div>\n\t\t<\/div>\n\t\t\t\t\t<\/div>\n\t\t<\/section>\n\t\t\t\t<section class=\"elementor-section elementor-top-section elementor-element elementor-element-c36f2a7 elementor-section-boxed elementor-section-height-default elementor-section-height-default\" data-id=\"c36f2a7\" data-element_type=\"section\">\n\t\t\t\t\t\t<div class=\"elementor-container elementor-column-gap-default\">\n\t\t\t\t\t<div class=\"elementor-column elementor-col-100 elementor-top-column elementor-element elementor-element-0537879\" data-id=\"0537879\" data-element_type=\"column\">\n\t\t\t<div class=\"elementor-widget-wrap elementor-element-populated\">\n\t\t\t\t\t\t<div class=\"elementor-element elementor-element-89ed30b elementor-widget elementor-widget-image-gallery\" data-id=\"89ed30b\" data-element_type=\"widget\" data-widget_type=\"image-gallery.default\">\n\t\t\t\t<div class=\"elementor-widget-container\">\n\t\t\t\t\t\t\t<div class=\"elementor-image-gallery\">\n\t\t\t<div id='gallery-1' class='gallery galleryid-31 gallery-columns-4 gallery-size-thumbnail'><figure class='gallery-item'>\n\t\t\t<div class='gallery-icon landscape'>\n\t\t\t\t<a data-elementor-open-lightbox=\"yes\" data-elementor-lightbox-slideshow=\"89ed30b\" data-elementor-lightbox-title=\"2023-05-12_sm\" data-e-action-hash=\"#elementor-action%3Aaction%3Dlightbox%26settings%3DeyJpZCI6NjY1LCJ1cmwiOiJodHRwczpcL1wvaW51dGlsYWJvcmF0b3Jpby5vcmdcL3dwLWNvbnRlbnRcL3VwbG9hZHNcLzIwMjNcLzA1XC8yMDIzLTA1LTEyX3NtLnBuZyIsInNsaWRlc2hvdyI6Ijg5ZWQzMGIifQ%3D%3D\" href='https:\/\/inutilaboratorio.org\/wp-content\/uploads\/2023\/05\/2023-05-12_sm.png'><img decoding=\"async\" width=\"150\" height=\"150\" src=\"https:\/\/inutilaboratorio.org\/wp-content\/uploads\/2023\/05\/2023-05-12_sm-150x150.png\" class=\"attachment-thumbnail size-thumbnail\" alt=\"\" \/><\/a>\n\t\t\t<\/div><\/figure><figure class='gallery-item'>\n\t\t\t<div class='gallery-icon landscape'>\n\t\t\t\t<a data-elementor-open-lightbox=\"yes\" data-elementor-lightbox-slideshow=\"89ed30b\" data-elementor-lightbox-title=\"Captura de Pantalla 2023-05-11 a la(s) 17.42.40\" data-e-action-hash=\"#elementor-action%3Aaction%3Dlightbox%26settings%3DeyJpZCI6NjY2LCJ1cmwiOiJodHRwczpcL1wvaW51dGlsYWJvcmF0b3Jpby5vcmdcL3dwLWNvbnRlbnRcL3VwbG9hZHNcLzIwMjNcLzA1XC9DYXB0dXJhLWRlLVBhbnRhbGxhLTIwMjMtMDUtMTEtYS1sYXMtMTcuNDIuNDAucG5nIiwic2xpZGVzaG93IjoiODllZDMwYiJ9\" href='https:\/\/inutilaboratorio.org\/wp-content\/uploads\/2023\/05\/Captura-de-Pantalla-2023-05-11-a-las-17.42.40.png'><img decoding=\"async\" width=\"150\" height=\"150\" src=\"https:\/\/inutilaboratorio.org\/wp-content\/uploads\/2023\/05\/Captura-de-Pantalla-2023-05-11-a-las-17.42.40-150x150.png\" class=\"attachment-thumbnail size-thumbnail\" alt=\"\" \/><\/a>\n\t\t\t<\/div><\/figure><figure class='gallery-item'>\n\t\t\t<div class='gallery-icon landscape'>\n\t\t\t\t<a data-elementor-open-lightbox=\"yes\" data-elementor-lightbox-slideshow=\"89ed30b\" data-elementor-lightbox-title=\"Screenshot\" data-e-action-hash=\"#elementor-action%3Aaction%3Dlightbox%26settings%3DeyJpZCI6NjY4LCJ1cmwiOiJodHRwczpcL1wvaW51dGlsYWJvcmF0b3Jpby5vcmdcL3dwLWNvbnRlbnRcL3VwbG9hZHNcLzIwMjNcLzA1XC9DYXB0dXJhLWRlLVBhbnRhbGxhLTIwMjMtMDUtMTEtYS1sYXMtMTcuNDIuNDYuanBnIiwic2xpZGVzaG93IjoiODllZDMwYiJ9\" href='https:\/\/inutilaboratorio.org\/wp-content\/uploads\/2023\/05\/Captura-de-Pantalla-2023-05-11-a-las-17.42.46.jpg'><img decoding=\"async\" width=\"150\" height=\"150\" src=\"https:\/\/inutilaboratorio.org\/wp-content\/uploads\/2023\/05\/Captura-de-Pantalla-2023-05-11-a-las-17.42.46-150x150.jpg\" class=\"attachment-thumbnail size-thumbnail\" alt=\"\" \/><\/a>\n\t\t\t<\/div><\/figure><figure class='gallery-item'>\n\t\t\t<div class='gallery-icon portrait'>\n\t\t\t\t<a data-elementor-open-lightbox=\"yes\" data-elementor-lightbox-slideshow=\"89ed30b\" data-elementor-lightbox-title=\"Screenshot\" data-e-action-hash=\"#elementor-action%3Aaction%3Dlightbox%26settings%3DeyJpZCI6NjY5LCJ1cmwiOiJodHRwczpcL1wvaW51dGlsYWJvcmF0b3Jpby5vcmdcL3dwLWNvbnRlbnRcL3VwbG9hZHNcLzIwMjNcLzA1XC9DYXB0dXJhLWRlLVBhbnRhbGxhLTIwMjMtMDUtMTEtYS1sYXMtMTcuNDIuNTcuanBnIiwic2xpZGVzaG93IjoiODllZDMwYiJ9\" href='https:\/\/inutilaboratorio.org\/wp-content\/uploads\/2023\/05\/Captura-de-Pantalla-2023-05-11-a-las-17.42.57.jpg'><img loading=\"lazy\" decoding=\"async\" width=\"150\" height=\"150\" src=\"https:\/\/inutilaboratorio.org\/wp-content\/uploads\/2023\/05\/Captura-de-Pantalla-2023-05-11-a-las-17.42.57-150x150.jpg\" class=\"attachment-thumbnail size-thumbnail\" alt=\"\" \/><\/a>\n\t\t\t<\/div><\/figure><figure class='gallery-item'>\n\t\t\t<div class='gallery-icon portrait'>\n\t\t\t\t<a data-elementor-open-lightbox=\"yes\" data-elementor-lightbox-slideshow=\"89ed30b\" data-elementor-lightbox-title=\"Screenshot\" data-e-action-hash=\"#elementor-action%3Aaction%3Dlightbox%26settings%3DeyJpZCI6NjcwLCJ1cmwiOiJodHRwczpcL1wvaW51dGlsYWJvcmF0b3Jpby5vcmdcL3dwLWNvbnRlbnRcL3VwbG9hZHNcLzIwMjNcLzA1XC9DYXB0dXJhLWRlLVBhbnRhbGxhLTIwMjMtMDUtMTEtYS1sYXMtMTcuNTIuMzkuanBnIiwic2xpZGVzaG93IjoiODllZDMwYiJ9\" href='https:\/\/inutilaboratorio.org\/wp-content\/uploads\/2023\/05\/Captura-de-Pantalla-2023-05-11-a-las-17.52.39.jpg'><img loading=\"lazy\" decoding=\"async\" width=\"150\" height=\"150\" src=\"https:\/\/inutilaboratorio.org\/wp-content\/uploads\/2023\/05\/Captura-de-Pantalla-2023-05-11-a-las-17.52.39-150x150.jpg\" class=\"attachment-thumbnail size-thumbnail\" alt=\"\" \/><\/a>\n\t\t\t<\/div><\/figure><figure class='gallery-item'>\n\t\t\t<div class='gallery-icon portrait'>\n\t\t\t\t<a data-elementor-open-lightbox=\"yes\" data-elementor-lightbox-slideshow=\"89ed30b\" data-elementor-lightbox-title=\"Screenshot\" data-e-action-hash=\"#elementor-action%3Aaction%3Dlightbox%26settings%3DeyJpZCI6NjcyLCJ1cmwiOiJodHRwczpcL1wvaW51dGlsYWJvcmF0b3Jpby5vcmdcL3dwLWNvbnRlbnRcL3VwbG9hZHNcLzIwMjNcLzA1XC8yMDIzLTA1LTExX3NtLTEuanBnIiwic2xpZGVzaG93IjoiODllZDMwYiJ9\" href='https:\/\/inutilaboratorio.org\/wp-content\/uploads\/2023\/05\/2023-05-11_sm-1.jpg'><img loading=\"lazy\" decoding=\"async\" width=\"150\" height=\"150\" src=\"https:\/\/inutilaboratorio.org\/wp-content\/uploads\/2023\/05\/2023-05-11_sm-1-150x150.jpg\" class=\"attachment-thumbnail size-thumbnail\" alt=\"\" \/><\/a>\n\t\t\t<\/div><\/figure>\n\t\t<\/div>\n\t\t<\/div>\n\t\t\t\t\t\t<\/div>\n\t\t\t\t<\/div>\n\t\t\t\t\t<\/div>\n\t\t<\/div>\n\t\t\t\t\t<\/div>\n\t\t<\/section>\n\t\t\t\t<\/div>\n\t\t","protected":false},"excerpt":{"rendered":"<p>Chat GPT, Algoritmo, comunicaci\u00f3n digital. Esta performance es el desarrollo del di\u00e1logo entre un actor, m\u00fasico, audiovisualista con la inteligencia artificial. En b\u00fasqueda de colaborador y fondos para una primera etapa de investigaci\u00f3n en residencia.<\/p>\n","protected":false},"author":1,"featured_media":0,"parent":0,"menu_order":0,"comment_status":"closed","ping_status":"closed","template":"","meta":{"footnotes":""},"class_list":["post-31","page","type-page","status-publish"],"_links":{"self":[{"href":"https:\/\/inutilaboratorio.org\/index.php\/wp-json\/wp\/v2\/pages\/31","targetHints":{"allow":["GET"]}}],"collection":[{"href":"https:\/\/inutilaboratorio.org\/index.php\/wp-json\/wp\/v2\/pages"}],"about":[{"href":"https:\/\/inutilaboratorio.org\/index.php\/wp-json\/wp\/v2\/types\/page"}],"author":[{"embeddable":true,"href":"https:\/\/inutilaboratorio.org\/index.php\/wp-json\/wp\/v2\/users\/1"}],"replies":[{"embeddable":true,"href":"https:\/\/inutilaboratorio.org\/index.php\/wp-json\/wp\/v2\/comments?post=31"}],"version-history":[{"count":6,"href":"https:\/\/inutilaboratorio.org\/index.php\/wp-json\/wp\/v2\/pages\/31\/revisions"}],"predecessor-version":[{"id":675,"href":"https:\/\/inutilaboratorio.org\/index.php\/wp-json\/wp\/v2\/pages\/31\/revisions\/675"}],"wp:attachment":[{"href":"https:\/\/inutilaboratorio.org\/index.php\/wp-json\/wp\/v2\/media?parent=31"}],"curies":[{"name":"wp","href":"https:\/\/api.w.org\/{rel}","templated":true}]}}